{"id":1172,"date":"2026-04-27T15:07:43","date_gmt":"2026-04-27T21:07:43","guid":{"rendered":"https:\/\/new.grupozudem.com\/?page_id=1172"},"modified":"2026-04-27T15:07:44","modified_gmt":"2026-04-27T21:07:44","slug":"aviso-de-privacidad","status":"publish","type":"page","link":"https:\/\/grupozudem.com\/en\/aviso-de-privacidad\/","title":{"rendered":"Privacy Notice"},"content":{"rendered":"<p>En <strong>Grupo ZUDEM<\/strong>, la integridad y la confianza son los pilares de cada uno de nuestros proyectos industriales. Por ello, asumimos el compromiso de proteger sus datos personales con la mayor seriedad y transparencia, en estricto cumplimiento con la Ley Federal de Protecci\u00f3n de Datos Personales en Posesi\u00f3n de los Particulares.<\/p>\n\n\n\n<h3 class=\"wp-block-heading\">Identidad y domicilio del responsable<\/h3>\n\n\n\n<p>Grupo ZUDEM es el responsable del tratamiento de sus datos personales, con domicilio administrativo ubicado en Francisco Villa # 405, Col. Francisco I. Madero, Altamira, Tamps., C.P. 89603.<\/p>\n\n\n\n<h3 class=\"wp-block-heading\">Datos personales recabados<\/h3>\n\n\n\n<p>Para la correcta prestaci\u00f3n de nuestros servicios de ingenier\u00eda y soluciones industriales, recabamos datos de identificaci\u00f3n y contacto que pueden incluir: nombre completo, empresa, correo electr\u00f3nico, tel\u00e9fono de contacto y direcci\u00f3n fiscal o de entrega. Nosotros no recabamos datos personales sensibles a trav\u00e9s de nuestro sitio web.<\/p>\n\n\n\n<h3 class=\"wp-block-heading\">Finalidades del tratamiento de datos<\/h3>\n\n\n\n<p>La informaci\u00f3n proporcionada ser\u00e1 utilizada exclusivamente para las siguientes actividades necesarias para nuestra relaci\u00f3n comercial:<\/p>\n\n\n\n<ul class=\"wp-block-list\">\n<li>Proveer cotizaciones y presupuestos de servicios solicitados.<\/li>\n\n\n\n<li>Dar seguimiento a proyectos, entregas y procesos de fabricaci\u00f3n.<\/li>\n\n\n\n<li>Gestionar procesos de facturaci\u00f3n y cobranza.<\/li>\n\n\n\n<li>Establecer una comunicaci\u00f3n directa y eficiente sobre el estado de sus pedidos.<\/li>\n<\/ul>\n\n\n\n<h3 class=\"wp-block-heading\">Derechos ARCO<\/h3>\n\n\n\n<p id=\"p-rc_58e2a55e88fbe795-19\">Usted tiene derecho a conocer qu\u00e9 datos personales tenemos de usted, para qu\u00e9 los utilizamos y las condiciones del uso que les damos (Acceso). Asimismo, es su derecho solicitar la correcci\u00f3n de su informaci\u00f3n personal en caso de que est\u00e9 desactualizada, sea inexacta o incompleta (Rectificaci\u00f3n); que la eliminemos de nuestros registros o base<sup><\/sup>s de datos cuando considere que la misma no est\u00e1 siendo utilizada adecuadamente (Cancelaci\u00f3n); as\u00ed como oponerse al uso de sus datos personales para fines espec\u00edficos (Oposici\u00f3n). Estos se conocen como derechos ARCO.<\/p>\n\n\n\n<p>Para el ejercicio de cualquiera de los derechos ARCO, usted deber\u00e1 presentar la solicitud respectiva a trav\u00e9s de los siguientes medios:<\/p>\n\n\n\n<ul class=\"wp-block-list\">\n<li><strong>Correo electr\u00f3nico:<\/strong> areacomercial@grupozudem.com<\/li>\n\n\n\n<li><strong>Tel\u00e9fonos:<\/strong> 833 572 0045 o 833 572 0050 (Extensiones 113, 110 y 102).<\/li>\n<\/ul>\n\n\n\n<h3 class=\"wp-block-heading\">Cambios al aviso de privacidad<\/h3>\n\n\n\n<p>El presente aviso de privacidad puede sufrir modificaciones, cambios o actualizaciones derivadas de nuevos requerimientos legales, de nuestras propias necesidades por los servicios que ofrecemos o de nuestras pr\u00e1cticas de privacidad. Cualquier cambio ser\u00e1 comunicado a trav\u00e9s de nuestro portal web <a target=\"_blank\" rel=\"noreferrer noopener\" href=\"https:\/\/www.google.com\/search?q=https:\/\/grupozudem.com\">https:\/\/grupozudem.com<\/a>.<\/p>\n\n\n\n<hr class=\"wp-block-separator has-alpha-channel-opacity\"\/>\n\n\n\n<p><strong>\u00daltima actualizaci\u00f3n:<\/strong> Abril de 2026.<\/p>\n\n\n\n<p><\/p>","protected":false},"excerpt":{"rendered":"<p>En Grupo ZUDEM, la integridad y la confianza son los pilares de cada uno de nuestros proyectos industriales. Por ello, asumimos el compromiso de proteger sus datos personales con la mayor seriedad y transparencia, en estricto cumplimiento con la Ley Federal de Protecci\u00f3n de Datos Personales en Posesi\u00f3n de los Particulares. Identidad y domicilio del [&hellip;]<\/p>\n","protected":false},"author":1,"featured_media":0,"parent":0,"menu_order":0,"comment_status":"closed","ping_status":"closed","template":"","meta":{"footnotes":""},"class_list":["post-1172","page","type-page","status-publish","hentry"],"_links":{"self":[{"href":"https:\/\/grupozudem.com\/en\/wp-json\/wp\/v2\/pages\/1172","targetHints":{"allow":["GET"]}}],"collection":[{"href":"https:\/\/grupozudem.com\/en\/wp-json\/wp\/v2\/pages"}],"about":[{"href":"https:\/\/grupozudem.com\/en\/wp-json\/wp\/v2\/types\/page"}],"author":[{"embeddable":true,"href":"https:\/\/grupozudem.com\/en\/wp-json\/wp\/v2\/users\/1"}],"replies":[{"embeddable":true,"href":"https:\/\/grupozudem.com\/en\/wp-json\/wp\/v2\/comments?post=1172"}],"version-history":[{"count":1,"href":"https:\/\/grupozudem.com\/en\/wp-json\/wp\/v2\/pages\/1172\/revisions"}],"predecessor-version":[{"id":1173,"href":"https:\/\/grupozudem.com\/en\/wp-json\/wp\/v2\/pages\/1172\/revisions\/1173"}],"wp:attachment":[{"href":"https:\/\/grupozudem.com\/en\/wp-json\/wp\/v2\/media?parent=1172"}],"curies":[{"name":"wp","href":"https:\/\/api.w.org\/{rel}","templated":true}]}}